{"id":10997,"date":"2015-09-15T14:35:41","date_gmt":"2015-09-15T14:35:41","guid":{"rendered":"http:\/\/themes.dfd.name\/ronneby\/thirty_sixth\/?page_id=10997"},"modified":"2024-03-11T21:37:23","modified_gmt":"2024-03-11T20:37:23","slug":"contatti","status":"publish","type":"page","link":"https:\/\/www.lavignadelmaestro.com\/index.php\/contatti\/","title":{"rendered":"Contatti"},"content":{"rendered":"<div class=\"wpb-content-wrapper\"><p>[vc_row css=&#8221;.vc_custom_1710106321156{margin-right: 20px !important;margin-left: 20px !important;}&#8221;][vc_column width=&#8221;1\/2&#8243; css=&#8221;.vc_custom_1710106287349{border-right-width: 20px !important;border-left-width: 20px !important;}&#8221; col_shadow=&#8221;box_shadow_enable:disable|shadow_horizontal:0|shadow_vertical:15|shadow_blur:50|shadow_spread:0|box_shadow_color:rgba(0%2C0%2C0%2C.35)&#8221; col_shadow_hover=&#8221;box_shadow_enable:disable|shadow_horizontal:0|shadow_vertical:15|shadow_blur:50|shadow_spread:0|box_shadow_color:rgba(0%2C0%2C0%2C.35)&#8221;]<div class=\"dfd-spacer-module\"  data-units=\"px\" data-wide_resolution=\"1280\" data-wide_size=\"40\" data-normal_resolution=\"1024\" data-normal_size=\"40\" data-tablet_resolution=\"800\" data-tablet_size=\"40\" data-mobile_resolution=\"480\" data-mobile_size=\"40\" style=\"height: 40px;\"><\/div>[vc_column_text]<\/p>\n<h4>La Vigna del Maestro s.a.s.<\/h4>\n<h4>di Castellino Fausto &amp; C.<\/h4>\n<p>Frazione Santo Stefano n.55 &#8211; Bene Vagienna 12041 (CN)<br \/>\n+39 0172 655397<br \/>\n<a href=\"mailto:info@lavignadelmaestro.com\">info@lavignadelmaestro.com<\/a><\/p>\n<p>&nbsp;<\/p>\n<p>Il ristorante \u00e8 <strong>aperto<\/strong> <strong>dal gioved\u00ec alla domenica<\/strong> pranzo e cena.<\/p>\n<p>Chiusura: Luned\u00ec, Marted\u00ec e Mercoled\u00ec.<\/p>\n<p>La cucina \u00e8 aperta<strong> dalle 12 alle 14<\/strong> e <strong>dalle 19:30 alle 21:30<\/strong>.<\/p>\n<p>&nbsp;<\/p>\n<p>Siamo a 25 km da Alba, 28 km da Cuneo, 42 km da Limone Piemonte e 18 km dall&#8217;Aeroporto di Cuneo\/Levaldigi.[\/vc_column_text][\/vc_column][vc_column width=&#8221;1\/2&#8243; col_shadow=&#8221;box_shadow_enable:disable|shadow_horizontal:0|shadow_vertical:15|shadow_blur:50|shadow_spread:0|box_shadow_color:rgba(0%2C0%2C0%2C.35)&#8221; col_shadow_hover=&#8221;box_shadow_enable:disable|shadow_horizontal:0|shadow_vertical:15|shadow_blur:50|shadow_spread:0|box_shadow_color:rgba(0%2C0%2C0%2C.35)&#8221; css=&#8221;.vc_custom_1710106274762{border-right-width: 20px !important;border-left-width: 20px !important;}&#8221;]<div class=\"dfd-spacer-module\"  data-units=\"px\" data-wide_resolution=\"1280\" data-wide_size=\"40\" data-normal_resolution=\"1024\" data-normal_size=\"40\" data-tablet_resolution=\"800\" data-tablet_size=\"40\" data-mobile_resolution=\"480\" data-mobile_size=\"40\" style=\"height: 40px;\"><\/div>[vc_column_text]<\/p>\n<h4>Scrivici qui!<\/h4>\n<p>I campi contrassegnati con (*) sono obbligatori.[\/vc_column_text]\n<div class=\"wpcf7 no-js\" id=\"wpcf7-f13543-o1\" lang=\"it-IT\" dir=\"ltr\" data-wpcf7-id=\"13543\">\n<div class=\"screen-reader-response\"><p role=\"status\" aria-live=\"polite\" aria-atomic=\"true\"><\/p> <ul><\/ul><\/div>\n<form action=\"\/index.php\/wp-json\/wp\/v2\/pages\/10997#wpcf7-f13543-o1\" method=\"post\" class=\"wpcf7-form init\" aria-label=\"Modulo di contatto\" novalidate=\"novalidate\" data-status=\"init\">\n<fieldset class=\"hidden-fields-container\"><input type=\"hidden\" name=\"_wpcf7\" value=\"13543\" \/><input type=\"hidden\" name=\"_wpcf7_version\" value=\"6.1.3\" \/><input type=\"hidden\" name=\"_wpcf7_locale\" value=\"it_IT\" \/><input type=\"hidden\" name=\"_wpcf7_unit_tag\" value=\"wpcf7-f13543-o1\" \/><input type=\"hidden\" name=\"_wpcf7_container_post\" value=\"0\" \/><input type=\"hidden\" name=\"_wpcf7_posted_data_hash\" value=\"\" \/>\n<\/fieldset>\n<p><label> Nome*<br \/>\n<span class=\"wpcf7-form-control-wrap\" data-name=\"your-name\"><input size=\"40\" maxlength=\"400\" class=\"wpcf7-form-control wpcf7-text wpcf7-validates-as-required\" autocomplete=\"name\" aria-required=\"true\" aria-invalid=\"false\" value=\"\" type=\"text\" name=\"your-name\" \/><\/span> <\/label><br \/>\n<label> Email*<br \/>\n<span class=\"wpcf7-form-control-wrap\" data-name=\"your-email\"><input size=\"40\" maxlength=\"400\" class=\"wpcf7-form-control wpcf7-email wpcf7-validates-as-required wpcf7-text wpcf7-validates-as-email\" autocomplete=\"email\" aria-required=\"true\" aria-invalid=\"false\" value=\"\" type=\"email\" name=\"your-email\" \/><\/span> <\/label><br \/>\n<label> Il tuo messaggio*<br \/>\n<span class=\"wpcf7-form-control-wrap\" data-name=\"your-message\"><textarea cols=\"40\" rows=\"10\" maxlength=\"2000\" class=\"wpcf7-form-control wpcf7-textarea wpcf7-validates-as-required\" aria-required=\"true\" aria-invalid=\"false\" name=\"your-message\"><\/textarea><\/span> <\/label><br \/>\n<span class=\"wpcf7-form-control-wrap\" data-name=\"accept-this-1\"><span class=\"wpcf7-form-control wpcf7-acceptance\"><span class=\"wpcf7-list-item\"><input type=\"checkbox\" name=\"accept-this-1\" value=\"1\" aria-invalid=\"false\" \/><\/span><\/span><\/span><br \/>\nCliccando qui sopra, dichiaro di aver Letto ed Accettato la nostra <a href=\"https:\/\/www.lavignadelmaestro.com\/index.php\/privacy-policy\/\"><b>Privacy Policy <\/b><\/a><i>(Ex Art. 13 D.Lgs. n. 196\/03 e del Regolamento Europeo n. 679\/2016)<\/i> e di voler ricevere le vostre comunicazioni via email.Questo sito \u00e8 protetto da reCAPTCHA e si applicano la <a href=\"https:\/\/policies.google.com\/privacy\">Privacy Policy<\/a> e i <a href=\"https:\/\/policies.google.com\/terms\">Termini del Servizio<\/a> di Google.<br \/>\n<input class=\"wpcf7-form-control wpcf7-submit has-spinner\" type=\"submit\" value=\"Invia\" \/>\n<\/p><div class=\"wpcf7-response-output\" aria-hidden=\"true\"><\/div>\n<\/form>\n<\/div>\n[\/vc_column][\/vc_row][vc_row][vc_column]<div class=\"dfd-spacer-module\"  data-units=\"px\" data-wide_resolution=\"1280\" data-wide_size=\"20\" data-normal_resolution=\"1024\" data-normal_size=\"20\" data-tablet_resolution=\"800\" data-tablet_size=\"20\" data-mobile_resolution=\"480\" data-mobile_size=\"20\" style=\"height: 20px;\"><\/div>[\/vc_column][\/vc_row]<\/p>\n<\/div>","protected":false},"excerpt":{"rendered":"<p>[vc_row css=&#8221;.vc_custom_1710106321156{margin-right: 20px !important;margin-left: 20px !important;}&#8221;][vc_column width=&#8221;1\/2&#8243; css=&#8221;.vc_custom_1710106287349{border-right-width: 20px !important;border-left-width: 20px !important;}&#8221; col_shadow=&#8221;box_shadow_enable:disable|shadow_horizontal:0|shadow_vertical:15|shadow_blur:50|shadow_spread:0|box_shadow_color:rgba(0%2C0%2C0%2C.35)&#8221; col_shadow_hover=&#8221;box_shadow_enable:disable|shadow_horizontal:0|shadow_vertical:15|shadow_blur:50|shadow_spread:0|box_shadow_color:rgba(0%2C0%2C0%2C.35)&#8221;][vc_column_text] La Vigna del Maestro s.a.s. di Castellino Fausto &amp; C. Frazione Santo Stefano n.55 &#8211; Bene<\/p>\n","protected":false},"author":1,"featured_media":0,"parent":0,"menu_order":0,"comment_status":"closed","ping_status":"closed","template":"page-custom-with-header.php","meta":{"footnotes":""},"class_list":["post-10997","page","type-page","status-publish","hentry"],"_links":{"self":[{"href":"https:\/\/www.lavignadelmaestro.com\/index.php\/wp-json\/wp\/v2\/pages\/10997","targetHints":{"allow":["GET"]}}],"collection":[{"href":"https:\/\/www.lavignadelmaestro.com\/index.php\/wp-json\/wp\/v2\/pages"}],"about":[{"href":"https:\/\/www.lavignadelmaestro.com\/index.php\/wp-json\/wp\/v2\/types\/page"}],"author":[{"embeddable":true,"href":"https:\/\/www.lavignadelmaestro.com\/index.php\/wp-json\/wp\/v2\/users\/1"}],"replies":[{"embeddable":true,"href":"https:\/\/www.lavignadelmaestro.com\/index.php\/wp-json\/wp\/v2\/comments?post=10997"}],"version-history":[{"count":83,"href":"https:\/\/www.lavignadelmaestro.com\/index.php\/wp-json\/wp\/v2\/pages\/10997\/revisions"}],"predecessor-version":[{"id":13559,"href":"https:\/\/www.lavignadelmaestro.com\/index.php\/wp-json\/wp\/v2\/pages\/10997\/revisions\/13559"}],"wp:attachment":[{"href":"https:\/\/www.lavignadelmaestro.com\/index.php\/wp-json\/wp\/v2\/media?parent=10997"}],"curies":[{"name":"wp","href":"https:\/\/api.w.org\/{rel}","templated":true}]}}