{"id":13192,"date":"2015-09-12T08:34:07","date_gmt":"2015-09-12T08:34:07","guid":{"rendered":"http:\/\/themes.dfd.name\/ronneby\/thirty_sixth\/?page_id=5"},"modified":"2026-04-14T22:09:31","modified_gmt":"2026-04-14T20:09:31","slug":"restaurant-2","status":"publish","type":"page","link":"https:\/\/www.lavignadelmaestro.com\/","title":{"rendered":"Ristorante"},"content":{"rendered":"<div class=\"wpb-content-wrapper\"><p>[vc_row dfd_row_config=&#8221;full_width_content&#8221;][vc_column][rev_slider_vc alias=&#8221;Restaurant&#8221;][vc_row_inner][vc_column_inner][\/vc_column_inner][\/vc_row_inner][\/vc_column][\/vc_row][vc_row dfd_row_config=&#8221;full_width_content&#8221; css=&#8221;.vc_custom_1710016447405{padding-right: 12% !important;padding-left: 12% !important;}&#8221;][vc_column css=&#8221;.vc_custom_1710016468358{padding-top: 40px !important;}&#8221; col_shadow=&#8221;box_shadow_enable:disable|shadow_horizontal:0|shadow_vertical:15|shadow_blur:50|shadow_spread:0|box_shadow_color:rgba(0%2C0%2C0%2C.35)&#8221; col_shadow_hover=&#8221;box_shadow_enable:disable|shadow_horizontal:0|shadow_vertical:15|shadow_blur:50|shadow_spread:0|box_shadow_color:rgba(0%2C0%2C0%2C.35)&#8221;][vc_column_text]La <strong>Vigna Del Maestro<\/strong> nasce dal desiderio di ricordare <em>el Maestru \u2018Castlin<\/em>, severo ma stimato maestro elementare del paese che trascorreva ogni momento libero tra i filari delle sue vigne, nel suo orto o nei boschi con il suo amato cane a cercar tartufi.<\/p>\n<p>Amante del vino e del cibo, ha tramandato le sue passioni al figlio <strong>Fulvio<\/strong>, forse <em>\u201cpi\u00f9 bravo con il manico della chitarra che con quello della zappa\u201d<\/em>, come diceva il Maestro. Di generazione in generazione, il testimone passa a <strong>Chiara<\/strong>, figlia di Fulvio, che con l&#8217;aiuto del fratello <strong>Fausto<\/strong> e l&#8217;esperienza e la mano della\u00a0<strong>Chef Marina Ponce<\/strong>, ha deciso di dare vita a questa attivit\u00e0, portando avanti l&#8217;antica passione del nonno.[\/vc_column_text][\/vc_column][\/vc_row][vc_row dfd_row_config=&#8221;full_width_content&#8221; css=&#8221;.vc_custom_1710016447405{padding-right: 12% !important;padding-left: 12% !important;}&#8221;][vc_column css=&#8221;.vc_custom_1710016468358{padding-top: 40px !important;}&#8221; col_shadow=&#8221;box_shadow_enable:disable|shadow_horizontal:0|shadow_vertical:15|shadow_blur:50|shadow_spread:0|box_shadow_color:rgba(0%2C0%2C0%2C.35)&#8221; col_shadow_hover=&#8221;box_shadow_enable:disable|shadow_horizontal:0|shadow_vertical:15|shadow_blur:50|shadow_spread:0|box_shadow_color:rgba(0%2C0%2C0%2C.35)&#8221;][vc_column_text css=&#8221;&#8221;]<\/p>\n<h4 style=\"text-align: center;\">News<\/h4>\n<p>[\/vc_column_text][\/vc_column][\/vc_row][vc_row dfd_row_config=&#8221;full_width_content&#8221; row_delimiter=&#8221;1&#8243; css=&#8221;.vc_custom_1710088202749{padding-right: 12% !important;padding-bottom: 6% !important;padding-left: 12% !important;}&#8221;][vc_column width=&#8221;1\/3&#8243;]<div class=\"dfd-spacer-module\"  data-units=\"px\" data-wide_resolution=\"1280\" data-wide_size=\"40\" data-normal_resolution=\"1024\" data-normal_size=\"40\" data-tablet_resolution=\"800\" data-tablet_size=\"40\" data-mobile_resolution=\"480\" data-mobile_size=\"40\" style=\"height: 40px;\"><\/div>[vc_single_image image=&#8221;13698&#8243; img_size=&#8221;full&#8221; alignment=&#8221;center&#8221; img_link_target=&#8221;_blank&#8221; css_animation=&#8221;bounceIn&#8221; css=&#8221;&#8221; onclick=&#8221;custom_link&#8221; item_animation=&#8221;transition.fadeIn&#8221; link=&#8221;https:\/\/www.instagram.com\/lavignadelmaestro\/&#8221;][\/vc_column][vc_column width=&#8221;1\/3&#8243;]<div class=\"dfd-spacer-module\"  data-units=\"px\" data-wide_resolution=\"1280\" data-wide_size=\"70\" data-normal_resolution=\"1024\" data-normal_size=\"40\" data-tablet_resolution=\"800\" data-tablet_size=\"40\" data-mobile_resolution=\"480\" data-mobile_size=\"40\" style=\"height: 70px;\"><\/div>[\/vc_column][vc_column width=&#8221;1\/3&#8243;]<div class=\"dfd-spacer-module\"  data-units=\"px\" data-wide_resolution=\"1280\" data-wide_size=\"70\" data-normal_resolution=\"1024\" data-normal_size=\"40\" data-tablet_resolution=\"800\" data-tablet_size=\"40\" data-mobile_resolution=\"480\" data-mobile_size=\"40\" style=\"height: 70px;\"><\/div>[\/vc_column][\/vc_row][vc_row dfd_row_config=&#8221;full_width_content&#8221; css=&#8221;.vc_custom_1710016447405{padding-right: 12% !important;padding-left: 12% !important;}&#8221;][vc_column css=&#8221;.vc_custom_1710016468358{padding-top: 40px !important;}&#8221; col_shadow=&#8221;box_shadow_enable:disable|shadow_horizontal:0|shadow_vertical:15|shadow_blur:50|shadow_spread:0|box_shadow_color:rgba(0%2C0%2C0%2C.35)&#8221; col_shadow_hover=&#8221;box_shadow_enable:disable|shadow_horizontal:0|shadow_vertical:15|shadow_blur:50|shadow_spread:0|box_shadow_color:rgba(0%2C0%2C0%2C.35)&#8221;][vc_row_inner css=&#8221;.vc_custom_1442059023865{padding-right: 10% !important;padding-left: 10% !important;}&#8221;][vc_column_inner][vc_column_text item_animation=&#8221;transition.fadeIn&#8221;]<\/p>\n<blockquote><p>Bisogna essere ebbri. Tutto qui: \u00e8 l\u2019unico problema. Per non sentire l\u2019orribile peso del Tempo che vi spezza le spalle e vi piega verso terra, bisogna che v\u2019inebriate senza tregua.<br \/>\nMa di cosa? Di vino, di poesia o di virt\u00f9, a piacer vostro. Ma inebriatevi.<\/p><\/blockquote>\n<p style=\"text-align: right;\"><em>Charles Baudelaire<\/em><\/p>\n<p>[\/vc_column_text][\/vc_column_inner][\/vc_row_inner][\/vc_column][\/vc_row][vc_row][vc_column]<div class=\"dfd-spacer-module\"  data-units=\"px\" data-wide_resolution=\"1280\" data-wide_size=\"40\" data-normal_resolution=\"1024\" data-normal_size=\"40\" data-tablet_resolution=\"800\" data-tablet_size=\"40\" data-mobile_resolution=\"480\" data-mobile_size=\"40\" style=\"height: 40px;\"><\/div>[\/vc_column][\/vc_row][vc_row dfd_row_config=&#8221;full_width_content&#8221; row_delimiter=&#8221;1&#8243; css=&#8221;.vc_custom_1710088202749{padding-right: 12% !important;padding-bottom: 6% !important;padding-left: 12% !important;}&#8221;][vc_column width=&#8221;1\/3&#8243;][vc_single_image image=&#8221;13563&#8243; img_size=&#8221;full&#8221; alignment=&#8221;center&#8221; item_animation=&#8221;transition.slideLeftBigIn&#8221;][vc_row_inner][vc_column_inner css=&#8221;.vc_custom_1443423711561{margin-top: -30px !important;padding-right: 9% !important;padding-left: 3% !important;}&#8221;]<div class=\"dfd-spacer-module\"  data-units=\"px\" data-wide_resolution=\"1280\" data-wide_size=\"40\" data-normal_resolution=\"1024\" data-normal_size=\"40\" data-tablet_resolution=\"800\" data-tablet_size=\"40\" data-mobile_resolution=\"480\" data-mobile_size=\"40\" style=\"height: 40px;\"><\/div>[\/vc_column_inner][\/vc_row_inner][vc_column_text]<\/p>\n<h4>Scopri i nostri migliori piatti<\/h4>\n<h5>Con la cura della Chef<\/h5>\n<p>Potrete decidere se ordinare alla carta ci\u00f2 che pi\u00f9 vi aggrada o seguire il men\u00f9 degustazione proposto dallo chef. Cambiamo il men\u00f9 tutte le settimane per soddisfare i clienti che ogni volta vogliono essere stupiti nel scoprire piatti nuovi e ritrovare sapori dimenticati.[\/vc_column_text]<div class=\"dfd-spacer-module\"  data-units=\"px\" data-wide_resolution=\"1280\" data-wide_size=\"40\" data-normal_resolution=\"1024\" data-normal_size=\"40\" data-tablet_resolution=\"800\" data-tablet_size=\"40\" data-mobile_resolution=\"480\" data-mobile_size=\"40\" style=\"height: 40px;\"><\/div>[\/vc_column][vc_column width=&#8221;1\/3&#8243;][vc_single_image image=&#8221;13562&#8243; img_size=&#8221;full&#8221; alignment=&#8221;center&#8221; item_animation=&#8221;transition.fadeIn&#8221;][vc_row_inner][vc_column_inner css=&#8221;.vc_custom_1443423723329{margin-top: -30px !important;padding-right: 9% !important;padding-left: 3% !important;}&#8221;]<div class=\"dfd-spacer-module\"  data-units=\"px\" data-wide_resolution=\"1280\" data-wide_size=\"40\" data-normal_resolution=\"1024\" data-normal_size=\"40\" data-tablet_resolution=\"800\" data-tablet_size=\"40\" data-mobile_resolution=\"480\" data-mobile_size=\"40\" style=\"height: 40px;\"><\/div>[vc_column_text]<\/p>\n<h4>Prodotti genuini e freschi<\/h4>\n<h5>Perch\u00e8 meriti solo il meglio<\/h5>\n<p>Utilizzando prodotti freschi e di stagione, proponiamo piatti della migliore tradizione piemontese, ma anche i risultati di idee sempre nuove per dare un tocco di modernit\u00e0 e creativit\u00e0 al nostro desiderio di contraddistinguerci.[\/vc_column_text][\/vc_column_inner][\/vc_row_inner]<div class=\"dfd-spacer-module\"  data-units=\"px\" data-wide_resolution=\"1280\" data-wide_size=\"40\" data-normal_resolution=\"1024\" data-normal_size=\"40\" data-tablet_resolution=\"800\" data-tablet_size=\"40\" data-mobile_resolution=\"480\" data-mobile_size=\"40\" style=\"height: 40px;\"><\/div>[\/vc_column][vc_column width=&#8221;1\/3&#8243;][vc_single_image image=&#8221;13561&#8243; img_size=&#8221;full&#8221; alignment=&#8221;center&#8221; item_animation=&#8221;transition.slideRightBigIn&#8221;][vc_row_inner][vc_column_inner css=&#8221;.vc_custom_1443423735398{margin-top: -30px !important;padding-right: 9% !important;padding-left: 3% !important;}&#8221;]<div class=\"dfd-spacer-module\"  data-units=\"px\" data-wide_resolution=\"1280\" data-wide_size=\"40\" data-normal_resolution=\"1024\" data-normal_size=\"40\" data-tablet_resolution=\"800\" data-tablet_size=\"40\" data-mobile_resolution=\"480\" data-mobile_size=\"40\" style=\"height: 40px;\"><\/div>[vc_column_text]<\/p>\n<h4>Tutto di nostra produzione<\/h4>\n<h5>Pane, pasta e dessert\u2026<\/h5>\n<p>Ci dedichiamo interamente alla produzione di tutto ci\u00f2 che viene somministrato. Possiamo dunque consigliare con sicurezza il cliente con intolleranze o esigenze alimentari specifiche.[\/vc_column_text][\/vc_column_inner][\/vc_row_inner]<div class=\"dfd-spacer-module\"  data-units=\"px\" data-wide_resolution=\"1280\" data-wide_size=\"40\" data-normal_resolution=\"1024\" data-normal_size=\"40\" data-tablet_resolution=\"800\" data-tablet_size=\"40\" data-mobile_resolution=\"480\" data-mobile_size=\"40\" style=\"height: 40px;\"><\/div>[\/vc_column][\/vc_row][vc_row][vc_column]<div class=\"dfd-spacer-module\"  data-units=\"px\" data-wide_resolution=\"1280\" data-wide_size=\"40\" data-normal_resolution=\"1024\" data-normal_size=\"40\" data-tablet_resolution=\"800\" data-tablet_size=\"40\" data-mobile_resolution=\"480\" data-mobile_size=\"40\" style=\"height: 40px;\"><\/div>[\/vc_column][\/vc_row][vc_row dfd_row_config=&#8221;full_width_content&#8221; css=&#8221;.vc_custom_1443355400748{padding-right: 12% !important;padding-left: 12% !important;}&#8221;][vc_column column_parallax=&#8221;dfd-column-parallax&#8221; width=&#8221;1\/4&#8243;][vc_single_image image=&#8221;13371&#8243; img_size=&#8221;full&#8221;][\/vc_column][vc_column column_parallax=&#8221;dfd-column-parallax&#8221; column_parallax_sense=&#8221;40&#8243; width=&#8221;1\/4&#8243;][vc_single_image image=&#8221;13372&#8243; img_size=&#8221;full&#8221;][\/vc_column][vc_column width=&#8221;1\/2&#8243; css=&#8221;.vc_custom_1710087566589{padding-top: 10% !important;padding-left: 4% !important;}&#8221; col_shadow=&#8221;box_shadow_enable:disable|shadow_horizontal:0|shadow_vertical:15|shadow_blur:50|shadow_spread:0|box_shadow_color:rgba(0%2C0%2C0%2C.35)&#8221; col_shadow_hover=&#8221;box_shadow_enable:disable|shadow_horizontal:0|shadow_vertical:15|shadow_blur:50|shadow_spread:0|box_shadow_color:rgba(0%2C0%2C0%2C.35)&#8221;][vc_column_text]<\/p>\n<h4>Una sbirciata al men\u00f9<\/h4>\n<h5>I nostri piatti tipici<\/h5>\n<p>Questi sono solo alcuni dei piatti che potrete trovare nella nostra carta, ogni settimana la fantasia e l\u2019estro della Chef dirigono la sua mano verso la realizzazione di idee sempre nuove che talvolta girano lo sguardo al passato e talvolta azzardano accostamenti non ancora scoperti.[\/vc_column_text]<div class=\"dfd-spacer-module\"  data-units=\"px\" data-wide_resolution=\"1280\" data-wide_size=\"40\" data-normal_resolution=\"1024\" data-normal_size=\"40\" data-tablet_resolution=\"800\" data-tablet_size=\"40\" data-mobile_resolution=\"480\" data-mobile_size=\"40\" style=\"height: 40px;\"><\/div><div id=\"dfd-button-gradient69dfcb0ff3858-6424\" class=\"dfd-button-gradient-module-wrap\"><div class=\"dfd-button-module  style-2 normal text-left with-icon\"  data-animate=\"1\"  data-animate-type=\"transition.flipBounceXIn\" ><a href=\"https:\/\/www.scoutmenu.it\/dettagli-locale.php?id=1664\" title=\"Il men\u00f9 de &quot;La Vigna del Maestro&quot;\" target=\"_blank\"  class=\"dfd-button-link  dfd-fade\"><span class=\"dfd-button-inner-cover\"><span class=\"icon-wrap\"><i class=\"featured-icon fas fa-utensils\"><\/i><\/span><span class=\"dfd-button-text-main\" style=\"font-family:Abril Fatface; font-weight:400; font-style:normal; font-size: 17px; \">Scopri il nostro Men\u00f9!<\/span><span class=\"dfd-button-border\"><\/span><\/span><\/a><\/div><script type=\"text\/javascript\">(function($) {$(\"head\").append(\"<style>#dfd-button-gradient69dfcb0ff3858-6424 .dfd-button-link:not(:hover),#dfd-button-gradient69dfcb0ff3858-6424.dfd-button-gradient-module-wrap .dfd-button-link.dfd-3d-rotate .dfd-button-inner-cover.front .dfd-button-text-main,#dfd-button-gradient69dfcb0ff3858-6424.dfd-button-gradient-module-wrap .dfd-button-link:not(:hover) .featured-icon {color: #ffffff;}#dfd-button-gradient69dfcb0ff3858-6424 .dfd-button-link:hover,#dfd-button-gradient69dfcb0ff3858-6424.dfd-button-gradient-module-wrap .dfd-button-link.dfd-3d-rotate .dfd-button-inner-cover.back .dfd-button-text-main,#dfd-button-gradient69dfcb0ff3858-6424.dfd-button-gradient-module-wrap .dfd-button-link:hover .featured-icon  {color: #ddcaa6;}#dfd-button-gradient69dfcb0ff3858-6424 .dfd-button-link:not(:hover) .dfd-button-inner-cover .featured-icon {color: #ffffff;}#dfd-button-gradient69dfcb0ff3858-6424 .dfd-button-link:hover .dfd-button-inner-cover .featured-icon {color: #ddcaa6;}#dfd-button-gradient69dfcb0ff3858-6424 .dfd-button-link .dfd-button-inner-cover .featured-icon {font-size: 20px;}#dfd-button-gradient69dfcb0ff3858-6424 .dfd-button-link .dfd-button-inner-cover:before,#dfd-button-gradient69dfcb0ff3858-6424.dfd-button-gradient-module-wrap .dfd-button-link.dfd-fade .dfd-button-inner-cover:before {background: linear-gradient(to right, #b38c73, #b2796c);}#dfd-button-gradient69dfcb0ff3858-6424 .dfd-button-link .dfd-button-inner-cover:after {background: linear-gradient(to right, #b38c73, #b26637);}#dfd-button-gradient69dfcb0ff3858-6424 .dfd-button-link:not(:hover) {-webkit-box-shadow: 0px 15px 50px 0px rgba(0,0,0,.35);-moz-box-shadow: 0px 15px 50px 0px rgba(0,0,0,.35);-o-box-shadow: 0px 15px 50px 0px rgba(0,0,0,.35);box-shadow: 0px 15px 50px 0px rgba(0,0,0,.35);}<\/style>\");})(jQuery);<\/script><\/div>[\/vc_column][\/vc_row][vc_row][vc_column]<div class=\"dfd-spacer-module\"  data-units=\"px\" data-wide_resolution=\"1280\" data-wide_size=\"40\" data-normal_resolution=\"1024\" data-normal_size=\"40\" data-tablet_resolution=\"800\" data-tablet_size=\"40\" data-mobile_resolution=\"480\" data-mobile_size=\"40\" style=\"height: 40px;\"><\/div>[\/vc_column][\/vc_row][vc_row dfd_row_config=&#8221;full_width_content&#8221;][vc_column]<div class=\"dfd-spacer-module\"  data-units=\"px\" data-wide_resolution=\"1280\" data-wide_size=\"40\" data-normal_resolution=\"1024\" data-normal_size=\"40\" data-tablet_resolution=\"800\" data-tablet_size=\"40\" data-mobile_resolution=\"480\" data-mobile_size=\"40\" style=\"height: 40px;\"><\/div>[vc_row_inner][vc_column_inner width=&#8221;1\/4&#8243;][vc_single_image image=&#8221;13234&#8243; img_size=&#8221;full&#8221; item_animation=&#8221;transition.fadeIn&#8221;][\/vc_column_inner][vc_column_inner width=&#8221;1\/4&#8243;][vc_single_image image=&#8221;13343&#8243; img_size=&#8221;full&#8221; item_animation=&#8221;transition.fadeIn&#8221;][\/vc_column_inner][vc_column_inner width=&#8221;1\/4&#8243;][vc_single_image image=&#8221;13339&#8243; img_size=&#8221;full&#8221; item_animation=&#8221;transition.fadeIn&#8221;][\/vc_column_inner][vc_column_inner width=&#8221;1\/4&#8243;][vc_single_image image=&#8221;13340&#8243; img_size=&#8221;full&#8221; item_animation=&#8221;transition.fadeIn&#8221;][\/vc_column_inner][\/vc_row_inner]<div class=\"dfd-spacer-module\"  data-units=\"px\" data-wide_resolution=\"1280\" data-wide_size=\"40\" data-normal_resolution=\"1024\" data-normal_size=\"40\" data-tablet_resolution=\"800\" data-tablet_size=\"40\" data-mobile_resolution=\"480\" data-mobile_size=\"40\" style=\"height: 40px;\"><\/div>[\/vc_column][\/vc_row][vc_row force_equal_height_columns=&#8221;main_row&#8221; dfd_row_config=&#8221;full_width_content&#8221; css=&#8221;.vc_custom_1442307210884{padding-right: 12% !important;padding-left: 12% !important;background-color: #ffffff !important;}&#8221;][vc_column width=&#8221;2\/3&#8243;]<div class=\"dfd-spacer-module\"  data-units=\"px\" data-wide_resolution=\"1280\" data-wide_size=\"40\" data-normal_resolution=\"1024\" data-normal_size=\"40\" data-tablet_resolution=\"800\" data-tablet_size=\"40\" data-mobile_resolution=\"480\" data-mobile_size=\"40\" style=\"height: 40px;\"><\/div>[vc_column_text]<\/p>\n<h4>Non perderti l&#8217;occasione di venire a trovarci.<br \/>\nContattaci e prenota direttamente un tavolo!<\/h4>\n<p>[\/vc_column_text][\/vc_column][vc_column width=&#8221;1\/3&#8243;]<div id=\"dfd-button-gradient69dfcb0ff3c9a-7542\" class=\"dfd-button-gradient-module-wrap\"><div class=\"dfd-button-module  style-2 normal text-left with-icon\" ><a href=\"https:\/\/www.lavignadelmaestro.com\/index.php\/contatti\/\"  class=\"dfd-button-link  dfd-fade\"><span class=\"dfd-button-inner-cover\"><span class=\"icon-wrap\"><i class=\"featured-icon fas fa-map-marker-alt\"><\/i><\/span><span class=\"dfd-button-text-main\" style=\"\">COME TROVARCI<\/span><span class=\"dfd-button-border\"><\/span><\/span><\/a><\/div><script type=\"text\/javascript\">(function($) {$(\"head\").append(\"<style>#dfd-button-gradient69dfcb0ff3c9a-7542 .dfd-button-link:not(:hover),#dfd-button-gradient69dfcb0ff3c9a-7542.dfd-button-gradient-module-wrap .dfd-button-link.dfd-3d-rotate .dfd-button-inner-cover.front .dfd-button-text-main,#dfd-button-gradient69dfcb0ff3c9a-7542.dfd-button-gradient-module-wrap .dfd-button-link:not(:hover) .featured-icon {color: #ffffff;}#dfd-button-gradient69dfcb0ff3c9a-7542 .dfd-button-link .dfd-button-inner-cover:before,#dfd-button-gradient69dfcb0ff3c9a-7542.dfd-button-gradient-module-wrap .dfd-button-link.dfd-fade .dfd-button-inner-cover:before {background: linear-gradient(to right, #b38c73, #b38c73);}#dfd-button-gradient69dfcb0ff3c9a-7542 .dfd-button-link .dfd-button-inner-cover:after {background: linear-gradient(to right, #b29c8e, #b29c8e);}<\/style>\");})(jQuery);<\/script><\/div>[\/vc_column][\/vc_row][vc_row css=&#8221;.vc_custom_1710179532402{border-top-width: 40px !important;}&#8221;][vc_column]<div class=\"dfd-spacer-module\"  data-units=\"px\" data-wide_resolution=\"1280\" data-wide_size=\"40\" data-normal_resolution=\"1024\" data-normal_size=\"40\" data-tablet_resolution=\"800\" data-tablet_size=\"40\" data-mobile_resolution=\"480\" data-mobile_size=\"40\" style=\"height: 40px;\"><\/div>[\/vc_column][\/vc_row]<\/p>\n<\/div>","protected":false},"excerpt":{"rendered":"<p>[vc_row dfd_row_config=&#8221;full_width_content&#8221;][vc_column][rev_slider_vc alias=&#8221;Restaurant&#8221;][vc_row_inner][vc_column_inner][\/vc_column_inner][\/vc_row_inner][\/vc_column][\/vc_row][vc_row dfd_row_config=&#8221;full_width_content&#8221; css=&#8221;.vc_custom_1710016447405{padding-right: 12% !important;padding-left: 12% !important;}&#8221;][vc_column css=&#8221;.vc_custom_1710016468358{padding-top: 40px !important;}&#8221; col_shadow=&#8221;box_shadow_enable:disable|shadow_horizontal:0|shadow_vertical:15|shadow_blur:50|shadow_spread:0|box_shadow_color:rgba(0%2C0%2C0%2C.35)&#8221; col_shadow_hover=&#8221;box_shadow_enable:disable|shadow_horizontal:0|shadow_vertical:15|shadow_blur:50|shadow_spread:0|box_shadow_color:rgba(0%2C0%2C0%2C.35)&#8221;][vc_column_text]La Vigna Del Maestro nasce dal desiderio di ricordare el Maestru \u2018Castlin, severo ma stimato maestro elementare<\/p>\n","protected":false},"author":1,"featured_media":0,"parent":0,"menu_order":0,"comment_status":"closed","ping_status":"closed","template":"page-custom.php","meta":{"footnotes":""},"class_list":["post-13192","page","type-page","status-publish","hentry"],"_links":{"self":[{"href":"https:\/\/www.lavignadelmaestro.com\/index.php\/wp-json\/wp\/v2\/pages\/13192","targetHints":{"allow":["GET"]}}],"collection":[{"href":"https:\/\/www.lavignadelmaestro.com\/index.php\/wp-json\/wp\/v2\/pages"}],"about":[{"href":"https:\/\/www.lavignadelmaestro.com\/index.php\/wp-json\/wp\/v2\/types\/page"}],"author":[{"embeddable":true,"href":"https:\/\/www.lavignadelmaestro.com\/index.php\/wp-json\/wp\/v2\/users\/1"}],"replies":[{"embeddable":true,"href":"https:\/\/www.lavignadelmaestro.com\/index.php\/wp-json\/wp\/v2\/comments?post=13192"}],"version-history":[{"count":171,"href":"https:\/\/www.lavignadelmaestro.com\/index.php\/wp-json\/wp\/v2\/pages\/13192\/revisions"}],"predecessor-version":[{"id":13699,"href":"https:\/\/www.lavignadelmaestro.com\/index.php\/wp-json\/wp\/v2\/pages\/13192\/revisions\/13699"}],"wp:attachment":[{"href":"https:\/\/www.lavignadelmaestro.com\/index.php\/wp-json\/wp\/v2\/media?parent=13192"}],"curies":[{"name":"wp","href":"https:\/\/api.w.org\/{rel}","templated":true}]}}